{"id":20,"date":"2010-07-29T08:05:39","date_gmt":"2010-07-29T12:05:39","guid":{"rendered":"http:\/\/www.eg.bucknell.edu\/~perrone\/wordpress\/?page_id=20"},"modified":"2025-09-16T07:29:49","modified_gmt":"2025-09-16T11:29:49","slug":"research","status":"publish","type":"page","link":"https:\/\/www.eg.bucknell.edu\/~perrone\/research\/","title":{"rendered":"Research"},"content":{"rendered":"\n<h2 class=\"wp-block-heading\">Past Project<\/h2>\n\n\n\n<p><a href=\"http:\/\/www.nsf.gov\/awardsearch\/showAward.do?AwardNumber=0958142&amp;WT.z_pims_id=12810\">Frameworks for ns-3<\/a> (funded by the Division of Computer and Networks Systems, NSF)<\/p>\n\n\n\n<ul class=\"wp-block-list\">\n<li>Simulation Automation Framework for Experiments (SAFE)<\/li>\n\n\n\n<li>NSF Frameworks [<a href=\"http:\/\/www.nsnam.org\/wiki\/index.php?title=NSF_Frameworks\">project website<\/a>] [<a href=\"http:\/\/www.eg.bucknell.edu\/~perrone\/research-docs\/NSFProjectSummary.pdf\">summary PDF<\/a>] [<a href=\"http:\/\/www.eg.bucknell.edu\/~perrone\/research-docs\/NSFProjectDescription.pdf\">description PDF<\/a>]<\/li>\n\n\n\n<li><span style=\"font-size: revert;\">ns-3 Developers meeting 2010, Washington D.C. <\/span><a href=\"http:\/\/www.eg.bucknell.edu\/~perrone\/research-docs\/felipe-ns3devel.pdf\">[1]<\/a> <a href=\"http:\/\/www.eg.bucknell.edu\/~perrone\/research-docs\/bryan-ns3devel.pdf\">[2]<\/a> <a href=\"http:\/\/www.eg.bucknell.edu\/~perrone\/research-docs\/andy-ns3devel.pdf\">[3]<\/a><\/li>\n<\/ul>\n\n\n\n<h2 class=\"wp-block-heading\">Peer-Reviewed Publications<\/h2>\n\n\n\n<p><strong><em>A Web-Based Wizard-of-Oz Platform for Collaborative and Reproducible Human-Robot Interaction Research<\/em><\/strong><br>Sean O\u2019Connor and L. Felipe Perrone. The 34th IEEE International Conference on Robot and Human Interactive Communication (IEEE RO-MAN 2025). Eindhoven, The Netherlands.<br>[PDF][Slides][BibTeX]<br><\/p>\n\n\n\n<p><strong><em>HRIStudio: A Framework for Wizard-of-Oz Experiments in Human-Robot Interaction Studies<\/em><\/strong><br>Sean O\u2019Connor and L. Felipe Perrone. The 33rd IEEE International Conference on Robot and Human Interactive Communication (IEEE RO-MAN 2024). Pasadena, CA.<br>[<a href=\"http:\/\/www.eg.bucknell.edu\/~perrone\/wp-content\/uploads\/2024\/08\/ro-man2024.pdf\">PDF<\/a>][Poster][BibTeX]<\/p>\n\n\n\n<p><strong><em>FlyLoop: A Microframework for Rapid Development of Physiological Computin Systems<\/em><\/strong><em><br><\/em>Evan M. Peck, Eleanor Easse, Nick Marshall, William Stratton, and L. Felipe Perrone. The 7th ACM SIGCHI Symposium on Engineering Interactive Computing Systems (EICS 2015). Duisburg, Germany.<br> [<a href=\"http:\/\/www.eg.bucknell.edu\/~perrone\/wp-content\/uploads\/2015\/06\/flyloop_eics2015.pdf\">PDF<\/a>][<a href=\"http:\/\/www.eg.bucknell.edu\/~perrone\/wp-content\/uploads\/2015\/06\/eics2015-slides.pdf\">Slides<\/a>][<a href=\"http:\/\/www.eg.bucknell.edu\/~perrone\/eics-2015\/\">BibTeX<\/a>]<\/p>\n\n\n\n<p><span style=\"font-weight: bold;\"><em>On the Evolution Toward Computer-Aided Simulation<\/em><\/span><em><br><\/em>L. Felipe Perrone. In&nbsp;<em>Modeling and Simulation-Based Systems Engineering Handbook&nbsp;<\/em>(Chapter 5)<em>,&nbsp;<\/em> Daniele Gianni, Andrea D&#8217;Ambrogio, Andreas Tolk (eds.) CRC Press, December 2014.&nbsp;ISBN-13: 978-1466571457.<\/p>\n\n\n\n<p><span style=\"font-weight: bold;\"><em>Perspectives on Languages for Specifying Simulation Experiments<\/em><\/span><em><br><\/em>Johannes Sch\u00fctzel, Danhua Peng, L. Felipe Perrone, and Adelinde M. Uhrmacher. Winter Simulation Conference 2014. Savannah, GA. [<a href=\"http:\/\/www.eg.bucknell.edu\/~perrone\/wp-content\/uploads\/2014\/12\/wsc2014-lang.pdf\">PDF<\/a>] [Slides PDF][BibTeX]<\/p>\n\n\n\n<p><em><strong>Data Visualization for Network Simulations<br><\/strong><\/em>Christopher S. Main, L. Felipe Perrone, and Greg L. Schrock. Winter Simulation Conference 2014. Savannah, GA &nbsp;[<a href=\"http:\/\/www.eg.bucknell.edu\/~perrone\/wp-content\/uploads\/2014\/12\/wsc2014-visu-paper.pdf\">PDF<\/a>] [<a href=\"http:\/\/www.eg.bucknell.edu\/~perrone\/wp-content\/uploads\/2014\/12\/wsc2014-visu.pdf\">Slides PDF<\/a>][BibTeX]<\/p>\n\n\n\n<p><strong><em>The Design of an Output Data Collection Framework for<\/em><em> ns-3<\/em><\/strong><em><br><\/em>L. Felipe Perrone, Thomas R. Henderson, Mitchell J. Watrous, and Vin\u00edcius D. Felizardo, Winter Simulation Conference 2013. Washington D.C. [<a href=\"http:\/\/www.eg.bucknell.edu\/~perrone\/wp-content\/uploads\/2010\/07\/dcf.pdf\">PDF<\/a>] [<a href=\"http:\/\/www.eg.bucknell.edu\/~perrone\/wp-content\/uploads\/2010\/07\/wsc2013-dcf.pdf\">Slides PDF<\/a>][<a href=\"http:\/\/www.eg.bucknell.edu\/~perrone\/wsc-2013\/\">BibTeX<\/a>]<\/p>\n\n\n\n<p><em><strong>User Interfaces for the Simulation Automation Framework for Experiments&nbsp;<\/strong><\/em>(poster)<br>\nChristopher S. Main and L. Felipe Perrone, Winter Simulation Conference 2012. Berlin, Germany.<br>\n[<a href=\"http:\/\/www.eg.bucknell.edu\/~perrone\/wp-content\/uploads\/2010\/07\/wsc12poster.pdf\">PDF<\/a>][<a href=\"http:\/\/www.eg.bucknell.edu\/~perrone\/wsc-2012b\">BibTeX<\/a>]<\/p>\n\n\n\n<p><em><strong>SAFE: Simulation Automation Framework for Experiments<\/strong><\/em><br>\nL. Felipe Perrone, Christopher S. Main, and Bryan C. Ward, Winter Simulation Conference 2012. Berlin, Germany.<br>\n[<a href=\"http:\/\/www.eg.bucknell.edu\/~perrone\/wp-content\/uploads\/2010\/07\/safe.pdf\">PDF<\/a>] [<a href=\"http:\/\/www.eg.bucknell.edu\/~perrone\/wp-content\/uploads\/2010\/07\/wsc2012-slides.pdf\">Slides PDF<\/a>] [<a href=\"http:\/\/www.eg.bucknell.edu\/~perrone\/wsc-2012a\/\">BibTeX<\/a>]<\/p>\n\n\n\n<p><em><strong>Public Service Announcement Movies Made with the Alice Programming Language<\/strong><\/em><br>\nL. Felipe Perrone. Curriculum module for first-year courses in Computer Science and Computer Engineering. IEEE Real World Engineering Projects (RWEP) Program. September 1, 2011.<br>\n[<a href=\"http:\/\/www.realworldengineering.org\/index.php?page=project&amp;n=1&amp;project=6\">URL<\/a>]<\/p>\n\n\n\n<p><strong><em>Special Issue on Software Tools, Techniques and Architectures for Computer Simulation<\/em><\/strong><br>\nL. Felipe Perrone and Giovanni Stea, co-editors. SIMULATION: Transactions of the Society for Computer Simulation International, Volume 87 Issue 1-2, January 2011.<br>\n<a href=\"http:\/\/sim.sagepub.com\/content\/87\/1-2\/5.full.pdf+html\">[PDF]<\/a><\/p>\n\n\n\n<p><strong><em>An Experiment Automation Framework for ns-3<\/em><\/strong> (poster)<br>\nAndrew Hallagan, Bryan C. Ward, and L. Felipe Perrone. 3rd International Conference on Simulation Tools and Techniques (SIMUTools 2010). Torremolinos, Spain.<br>\n<a href=\"http:\/\/www.eg.bucknell.edu\/~perrone\/research-docs\/st2010-poster.pdf\">[Poster PDF]<\/a> <a href=\"http:\/\/www.eg.bucknell.edu\/~perrone\/research-docs\/st2010-abstract.pdf\">[Extended Abstract PDF]<\/a> <a href=\"index.php?page_id=52\">[BibTeX]<\/a><\/p>\n\n\n\n<p><strong><em>On the Automation of Computer Network Simulators<\/em><\/strong><br>\nL. Felipe Perrone, Claudio Cicconetti, Giovanni Stea, and Bryan C. Ward. 2nd International Conference on Simulation Tools and Techniques (SIMUTools 2009). Rome, Italy.<br>\n<a href=\"http:\/\/portal.acm.org\/ft_gateway.cfm?id=1537676&amp;type=pdf&amp;coll=ACM&amp;dl=GUIDE&amp;CFID=97940290&amp;CFTOKEN=62713837\">[PDF]<\/a> <a href=\"index.php?page_id=56\">[BibTeX]<\/a><\/p>\n\n\n\n<p><strong><em>Enhancing the Credibility of Wireless Network Simulations with Experiment Automation<br>\n<\/em><\/strong>L. Felipe Perrone, Christopher J. Kenna, and Bryan C. Ward. IEEE International Workshop on Selected Topics in Mobile and Wireless Computing (STWiMob 2008). Avignon, France.<br>\n[<a href=\"http:\/\/ieeexplore.ieee.org\/stamp\/stamp.jsp?tp=&amp;arnumber=4654311\">PDF<\/a>] <a href=\"http:\/\/www.eg.bucknell.edu\/~perrone\/research-docs\/stwimob2008-slides.pdf\">[Slides PDF]<\/a> <a href=\"index.php?page_id=77\">[BibTeX]<\/a><\/p>\n\n\n\n<p><strong><em>Could a Caveman Do It? The Surprising Potential of Simple Attacks<\/em><\/strong><br>\nL. Felipe Perrone. IEEE Security and Privacy.&nbsp; Vol. 5, Issue 6, pp.74-77. November\/December 2007.<br>\n<a href=\"http:\/\/ieeexplore.ieee.org\/iel5\/8013\/4402432\/04402453.pdf?isnumber=4402432&amp;prod=JNL&amp;arnumber=4402453&amp;arSt=74&amp;ared=77&amp;arAuthor=Perrone%2C+Luiz+Felipe\">[PDF]<\/a> <a href=\"index.php?page_id=81\">[BibTeX]<\/a><\/p>\n\n\n\n<p><strong><em>A Study of On-Off Attack Models for Wireless Ad Hoc Networks<\/em><\/strong><br>\nL. Felipe Perrone and Samuel C. Nelson. First IEEE International Workshop on Operator-Assisted (Wireless Mesh) Community Networks (OpComm 2006). Berlin, Germany.<br>\n[<a href=\"http:\/\/ieeexplore.ieee.org\/stamp\/stamp.jsp?tp=&amp;arnumber=4138221\">PDF<\/a>] <a href=\"http:\/\/www.eg.bucknell.edu\/~perrone\/research-docs\/opcomm2006.ppt\">[MS PowerPoint Slides]<\/a> <a href=\"index.php?page_id=86\">[BibTeX]<\/a><\/p>\n\n\n\n<p><strong><em>Approaches to Undergraduate Instruction in Computer Security<\/em><\/strong><br>\nL. Felipe Perrone, Maurice Aburdene, and Xiannong Meng, ASEE 2005. Portland, OR.<br>\n<a href=\"http:\/\/ieeexplore.ieee.org\/xpl\/articleDetails.jsp?tp=&amp;arnumber=4138221&amp;contentType=Conference+Publications&amp;searchWithin%3Dp_Authors%3A.QT.Perrone%2C+L.F..QT.%26searchField%3DSearch_All\">[PDF]<\/a> <a href=\"index.php?page_id=90\">[BibTeX]<\/a><\/p>\n\n\n\n<p><strong><em>Validation of Wireless Models Using Direct Execution Simulation of Ad-Hoc Routing Protocols<\/em><\/strong><br>\nJ. Liu, Y. Yuan, D. Nicol, R. Gray, C. Newport, D. Kotz, L. Felipe Perrone, SIMULATION: Transactions of the Society for Modeling and Simulation International, April 2005.<br>\n<a href=\"http:\/\/www.eg.bucknell.edu\/~perrone\/research-docs\/scs.pdf\">[PDF]<\/a> <a href=\"index.php?page_id=95\">[BibTeX]<\/a><\/p>\n\n\n\n<p><strong><em>Simulation Validation Using Direct Execution of Wireless Ad-Hoc Routing Protocols<\/em><\/strong><br>\nJ. Liu, Y. Yuan, D. Nicol, R. Gray, C. Newton, D. Kotz, L. Perrone, PADS 2004. Kufstein, Austria.<br>\n<a href=\"http:\/\/ieeexplore.ieee.org\/iel5\/9119\/28915\/01301280.pdf?tp=&amp;arnumber=1301280&amp;isnumber=28915\">[PDF]<\/a> <a href=\"index.php?page_id=99\">[BibTeX]<\/a><\/p>\n\n\n\n<p><strong><em>Modeling and Simulation Best Practices for Wireless Ad Hoc Networks<\/em><\/strong><br>\nLuiz Felipe Perrone, Yougu Yuan, and David M. Nicol, WSC 2003. New Orleans, LA.<br>\n<a href=\"http:\/\/www.informs-sim.org\/wsc03papers\/084.pdf\">[PDF]<\/a> <a href=\"http:\/\/www.eg.bucknell.edu\/~perrone\/research-docs\/wsc2003.ppt\">[MS PowerPoint Slides]<\/a> <a href=\"index.php?page_id=102\">[BibTeX]<\/a><\/p>\n\n\n\n<p><strong><em>A Scalable Simulator for TinyOS Applications<\/em><\/strong><br>\nLuiz Felipe Perrone and David M. Nicol, WSC 2002. San Diego, CA.<br>\n<a href=\"http:\/\/www.informs-sim.org\/wsc02papers\/087.pdf\">[PDF]<\/a> <a href=\"http:\/\/www.eg.bucknell.edu\/~perrone\/research-docs\/wsc2002.ppt\">[MS PowerPoint Slides]<\/a> <a href=\"index.php?page_id=105\">[BibTeX]<\/a><\/p>\n\n\n\n<p><strong><em>Towards High Performance Modeling of the 802.11 Wireless Protocol<\/em><\/strong><br>\nJason Liu, David M. Nicol, L. Felipe Perrone, and Michael Liljenstam, WSC 2001. Arlington, VA.<br>\n<a href=\"http:\/\/www.informs-sim.org\/wsc01papers\/179.PDF\">[PDF]<\/a> <a href=\"http:\/\/www.eg.bucknell.edu\/~perrone\/research-docs\/WSC2001.ppt\">[MS PowerPoint Slides]<\/a> <a href=\"index.php?page_id=110\">[BibTeX]<\/a><\/p>\n\n\n\n<p><strong><em>Simulation Modeling of Large-Scale Ad-hoc Sensor Networks<\/em><\/strong><br>\nJason Liu, L. Felipe Perrone, David M. Nicol, Chip Elliott, and David Pearson. European Simulation Interoperability Workshop 2001. London, England.<br>\n<a href=\"http:\/\/www.sisostds.org\/index.php?tg=fileman&amp;idx=get&amp;id=2&amp;gr=Y&amp;path=Simulation+Interoperability+Workshops%2F2001+EURO+SIW%2F2001+EURO+SIW+Papers+and+Presentations&amp;file=paper.pdf\">[PDF]<\/a> <a href=\"index.php?page_id=116\">[BibTeX]<\/a><\/p>\n\n\n\n<p><strong><em>Cost\/Benefit Analysis of Interval Jumping in Wireless Power Control Simulation<\/em><\/strong><br>\nDavid M. Nicol and L. Felipe Perrone, WSC 2000. Orlando, FL.<br>\n<a href=\"http:\/\/www.informs-sim.org\/wsc00papers\/060.PDF\">[PDF]<\/a> <a href=\"index.php?page_id=113\">[BibTeX]<\/a><\/p>\n\n\n\n<p><strong><em>Using N-body Algorithms for Interference Computation in Wireless Cellular Simulations<\/em><\/strong><br>\nL. Felipe Perrone and David M. Nicol, MASCOTS 2000. San Francisco, CA.<br>\n<a href=\"http:\/\/ieeexplore.ieee.org\/iel5\/7034\/18941\/00876428.pdf?tp=&amp;arnumber=876428&amp;isnumber=18941\">[PDF]<\/a> <a href=\"index.php?page_id=119\">[BibTeX]<\/a><\/p>\n\n\n\n<p><strong><em>Rapid Simulation of Wireless Systems<\/em><\/strong><br>\nL. Felipe Perrone and David M. Nicol. PADS &#8217;98. Banff, Alberta, Canada.<br>\n<a href=\"http:\/\/portal.acm.org\/ft_gateway.cfm?id=278029&amp;type=pdf&amp;coll=portal&amp;dl=ACM&amp;CFID=6138030&amp;CFTOKEN=20855073\">[PDF]<\/a> <a href=\"index.php?page_id=122\">[BibTeX]<\/a><\/p>\n\n\n\n<p><strong>Ph.D. Dissertation:<\/strong> <strong><em>Accelerating the Simulation of Wireless Cellular Systems<\/em><\/strong><br>\nThe College of William &amp; Mary, Williamsburg, VA, 2000 (adviser: Prof. David M. Nicol).<br>\n<a href=\"http:\/\/www.eg.bucknell.edu\/~perrone\/research-docs\/thesis.pdf\">[PDF]<\/a><\/p>\n\n\n\n<p><strong>Master&#8217;s Thesis: <em>Distributed Discrete-Event Simulation on a Transputer Hypercube Using the Time Warp Mechanism<\/em><\/strong><br>\nPrograma de Engenharia de Sistemas e Computa\u00e7\u00e3o, COPPE\/UFRJ (Universidade Federal do Rio de Janeiro), Rio de Janeiro, RJ, Brazil, 1992 (adviser: Prof. Valmir Carneiro Barbosa).<\/p>\n\n\n\n<p>[<a href=\"https:\/\/www.cos.ufrj.br\/uploadfile\/publicacao\/1479.pdf\">PDF<\/a>]<\/p>\n\n\n\n<p><strong>Undergraduate Thesis: <em>Simulador de Redes de Computadores<\/em><\/strong><br>\nDEEL\/UFRJ (Departamento de Engenharia El\u00e9trica, Universidade Federal do Rio de Janeiro), Rio de Janeiro, RJ, Brazil, 1992 (advisers: Dr. George Gerber, Prof. Aloysio Pedroza).<\/p>\n\n\n\n<h2 class=\"wp-block-heading\">Talks<\/h2>\n\n\n\n<p><span style=\"font-weight: bold;\">Invited talk: Getting More Out of Music.&nbsp;<\/span>Dept. of Computer Science, Bucknell University. &nbsp;November 17th, 2016. (Host: Bucknell ACM Chapter)<\/p>\n\n\n\n<p><span style=\"font-weight: bold;\">Invited talk: The Design of a Data Collection Framework for ns-3.&nbsp;<\/span>Facult\u00e4t f\u00fcr Informatik und Elektrotechnik der Universit\u00e4t Rostock, Germany. &nbsp;January 6th, 2014. (Host: Prof. Adelinde Uhrmacher)<\/p>\n\n\n\n<p><span style=\"font-weight: bold;\">Invited talk:&nbsp;The Evolution of a Computer Aided Simulation System.<\/span>&nbsp;First Annual Meeting of the ns-3 Consortium, Institut National de Recherche en Informatique et en Automatique (INRIA) Sophia Antipolis Mediterran\u00e9e, France. &nbsp;March 4th, 2013. Hosts: Prof. Walid Dabbous and Dr. Thomas Henderson.<\/p>\n\n\n\n<p><strong>Invited talk: The Evolution of a Computer Aided Simulation System.<\/strong>&nbsp;Department of Electrical Engineering and Computer Science, Colorado School of Mines. December 4, 2012. (Host: Prof. Tracy Camp)<br>\n[<a href=\"http:\/\/www.eg.bucknell.edu\/~perrone\/wp-content\/uploads\/2010\/07\/csm-2012-12-4.pdf\">Slides PDF<\/a>]<\/p>\n\n\n\n<p><strong>Invited talk: Simulation for the Masses.<\/strong> Bucknell University Family Weekend. September 23, 2011.<br>\n[<a href=\"http:\/\/www.eg.bucknell.edu\/~perrone\/wp-content\/uploads\/2010\/07\/simForTheMasses.pdf\">Slides PDF<\/a>]<\/p>\n\n\n\n<p><strong>Invited talk: SAFE &#8211; Simulation Automation Framework for Experiments. <\/strong>3rd Workshop on ns-3. March 25, 2011. Barcelona, Spain. (Hosts: Nicola Baldo and Ruben Merz)<br>\n[<a href=\"http:\/\/www.eg.bucknell.edu\/~perrone\/research-docs\/wns3-2011.pdf\">Slides PDF<\/a>]<\/p>\n\n\n\n<p><strong>Invited talk: Past, Present, and Future &#8211; Directions on Automating Network Simulation. <\/strong>INRIA M\u00e9diterran\u00e9e Sophia Antipolis, France. November 17th, 2010. (Host: Prof. Walid Dabbous)<\/p>\n\n\n\n<p><strong>Invited talk: <\/strong><strong>Automation Frameworks for ns-3<\/strong><strong>. <\/strong>2nd Workshop on ns-3. March 15th, 2010. Torremolinos, Spain. (Host: Tom Henderson)<br>\n<a href=\"file:\/\/localhostpresentation.pdf\">[Slides PDF]<\/a><\/p>\n\n\n\n<p><strong>Invited talk:<\/strong> Department of Physics REU, Bucknell University. June 2009. (Host: Marty Ligare)<\/p>\n\n\n\n<p><strong>Invited talk:<\/strong> Workshop on Scenarios for Network Evaluation Studies (SCENES 2009). March 6th, 2009. Rome, Italy. (Host: Nils Aschenbruck)<br>\n<a href=\"file:\/\/localhostscenes.pdf\">[Slides PDF]<\/a><\/p>\n\n\n\n<p><strong>Research talk:<\/strong> Local ACM Student Chapter, Bucknell University. October 7, 2008.<br>\n<a href=\"file:\/\/localhostBucknell-talk-2.pdf\">[Slides PDF]<\/a><\/p>\n\n\n\n<p><strong>Invited talk:<\/strong> Sigma Alpha Mu Fraternity, Bucknell University. November 28, 2007 (Host: Max Lottstein).<br>\n<a href=\"http:\/\/www.eg.bucknell.edu\/~perrone\/research-docs\/sam.pdf\">[Slides PDF]<\/a><\/p>\n\n\n\n<p><strong>Invited talks:<\/strong> Dipartimento Scienze dell\u2019Informazione, Universit\u00e0 di Bologna. Bologna, Italy. (Host: Prof. Luciano Bononi), October 9, 2006<br>\n<a href=\"http:\/\/www.eg.bucknell.edu\/~perrone\/research-docs\/UniBo-1-slides.pdf\">[Slides PDF]<\/a><br>\n<a href=\"http:\/\/www.eg.bucknell.edu\/~perrone\/research-docs\/UniBo-2-slides.pdf\">[Slides PDF]<\/a><\/p>\n\n\n\n<p><strong>Invited talk:<\/strong> Naval Post-Graduate School (Host: Joe Jarzombek, National Cyber Security Division, Dept. of Homeland Security), August 18, 2006. Monterey, CA.<br>\n<a href=\"http:\/\/www.eg.bucknell.edu\/~perrone\/research-docs\/nps2006-slides.pdf\">[Slides PDF]<\/a><\/p>\n\n\n\n<p><strong>Invited talk: <\/strong>University of Richmond. Richmond, VA. (Host: Barry Lawson), March 14, 2005<br>\n<a href=\"http:\/\/www.eg.bucknell.edu\/~perrone\/research-docs\/Richmond-slides.pdf\">[Slides PDF]<\/a><\/p>\n\n\n\n<p><strong>Invited talk:<\/strong> Dartmouth College, CS78 Spring 2002 (Host: David Kotz), May 21, 2002<\/p>\n\n\n\n<p><strong>Invited talk:<\/strong>&nbsp;Department of Math and Computer Science, Colorado School of Mines (Host: Tracy Camp), December 7, 2001<\/p>\n","protected":false},"excerpt":{"rendered":"<p>Past Project Frameworks for ns-3 (funded by the Division of Computer and Networks Systems, NSF) Peer-Reviewed Publications A Web-Based Wizard-of-Oz Platform for Collaborative and Reproducible Human-Robot Interaction ResearchSean O\u2019Connor and L. Felipe Perrone. The 34th IEEE International Conference on Robot and Human Interactive Communication (IEEE RO-MAN 2025). Eindhoven, The Netherlands.[PDF][Slides][BibTeX] HRIStudio: A Framework for Wizard-of-Oz&hellip;<\/p>\n","protected":false},"author":1,"featured_media":0,"parent":0,"menu_order":3,"comment_status":"closed","ping_status":"closed","template":"","meta":{"footnotes":""},"class_list":["post-20","page","type-page","status-publish","hentry"],"_links":{"self":[{"href":"https:\/\/www.eg.bucknell.edu\/~perrone\/wp-json\/wp\/v2\/pages\/20"}],"collection":[{"href":"https:\/\/www.eg.bucknell.edu\/~perrone\/wp-json\/wp\/v2\/pages"}],"about":[{"href":"https:\/\/www.eg.bucknell.edu\/~perrone\/wp-json\/wp\/v2\/types\/page"}],"author":[{"embeddable":true,"href":"https:\/\/www.eg.bucknell.edu\/~perrone\/wp-json\/wp\/v2\/users\/1"}],"replies":[{"embeddable":true,"href":"https:\/\/www.eg.bucknell.edu\/~perrone\/wp-json\/wp\/v2\/comments?post=20"}],"version-history":[{"count":91,"href":"https:\/\/www.eg.bucknell.edu\/~perrone\/wp-json\/wp\/v2\/pages\/20\/revisions"}],"predecessor-version":[{"id":924,"href":"https:\/\/www.eg.bucknell.edu\/~perrone\/wp-json\/wp\/v2\/pages\/20\/revisions\/924"}],"wp:attachment":[{"href":"https:\/\/www.eg.bucknell.edu\/~perrone\/wp-json\/wp\/v2\/media?parent=20"}],"curies":[{"name":"wp","href":"https:\/\/api.w.org\/{rel}","templated":true}]}}